{"id":1412,"date":"2024-10-29T09:46:43","date_gmt":"2024-10-29T09:46:43","guid":{"rendered":"http:\/\/ibw.viko.lt\/?page_id=1412"},"modified":"2025-03-13T11:05:03","modified_gmt":"2025-03-13T11:05:03","slug":"about-st-casimir-fair","status":"publish","type":"page","link":"http:\/\/ibw.viko.lt\/?page_id=1412","title":{"rendered":"About St. Casimir&#8217;s Fair"},"content":{"rendered":"<p><strong><a href=\"http:\/\/ibw.viko.lt\/wp-content\/uploads\/2024\/10\/01.jpg\"><img decoding=\"async\" loading=\"lazy\" class=\"size-full wp-image-1415 alignleft\" src=\"http:\/\/ibw.viko.lt\/wp-content\/uploads\/2024\/10\/01.jpg\" alt=\"\" width=\"535\" height=\"306\" srcset=\"http:\/\/ibw.viko.lt\/wp-content\/uploads\/2024\/10\/01.jpg 535w, http:\/\/ibw.viko.lt\/wp-content\/uploads\/2024\/10\/01-300x172.jpg 300w\" sizes=\"(max-width: 535px) 100vw, 535px\" \/><\/a>Date:<br \/>\n<\/strong>tbc.<br \/>\n<strong>Address:<br \/>\n<\/strong><a href=\"https:\/\/www.vilnius-events.lt\/en\/events-by-location\/?30210\">Various venues<\/a><br \/>\n<strong>Event Site:<br \/>\n<\/strong><a href=\"https:\/\/www.kaziukomuge.lt\/\">https:\/\/www.kaziukomuge.lt\/<\/a><br \/>\n<strong>Tickets:<br \/>\n<\/strong>Free admission<br \/>\n<strong>Categories:<br \/>\n<\/strong>Festivals, Free Admission, For children, Open Air, Other<\/p>\n<p style=\"text-align: justify;\">The brightest harbinger of spring in Vilnius is Kaziukas Fair, which is a tradition that has been going on for more than 400 years. The wares crafted with love by artisans, delicious smells of food, bounty of local produce, concerts and entertainment for the whole family spread the message of the awakening city throughout Vilnius. With a Kaziukas Fair\u00a0<em>meduolis<\/em>\u00a0(honey cookie) in one hand and a\u00a0<em>verba<\/em>\u00a0(Easter palm) in the other, these memories are guaranteed to last a long time. Kaziukas Fair takes place in the heart of Vilnius. Hundreds of stands and stalls featuring our finest crafts and folk art fill Gediminas Avenue, \u0160ventaragio, T. Vrublevskio, B. Radvilait\u0117s, Maironio, Vokie\u010di\u0173 and Pilies Streets.<\/p>\n<p><strong>History of Kaziukas Fair<\/strong><\/p>\n<p style=\"text-align: justify;\">After the canonisation of the Grand Duke Casimir (Lith.\u00a0Kaziukas) in the first part of the 17th\u00a0century, the construction of St. Casimir\u2019s Jesuit Church began in Vilnius. It was the first Baroque sanctuary in the city. On the day of the Saint Casimir\u2019s death, 4 March, St. Casimir\u2019s Day started to be mentioned. To mark this occasion, a huge fair of craftspeople and farmers was organised every year after St. Casimir Day mass.<\/p>\n<p style=\"text-align: justify;\">As a result of different historical events, several editions of the fair were forced to relocate to various parts of the city: The Cathedral Square, Luki\u0161k\u0117s, even Kalvarij\u0173 market. In the times of Independence, the fair returned to Vilnius city centre, stretching to the four corners of the city. In its present form, the fair extends many kilometres along the streets of the Old Town, squares and yards.<\/p>\n<p><strong>TOP 3 REASONS TO VISIT KAZIUKAS FAIR:<\/strong><\/p>\n<ol>\n<li style=\"text-align: justify;\">You can find EVERYTHING (in the truest sense of the word) in one place.<br \/>\nThere is such a wide variety of traders and artisans who take part in the fair, so you\u2019ll be sure to find products satisfying your taste: from unique trinkets to real art creations, traditional handicrafts from various regions of Lithuania and numerous examples of modern design.<\/li>\n<li style=\"text-align: justify;\">You can get acquainted with the Vilnius region and Lithuanian traditions.<br \/>\nVisit Kaziukas Fair \u2013 get acquainted with Vilnius and Lithuania. There is no other event that has maintained a tradition for more than 400 years in our swiftly changing country.<\/li>\n<li style=\"text-align: justify;\">You can taste various traditional Lithuanian dishes in one place.<br \/>\nTasting dishes at Vilnius\u2019 Kaziukas Fair is the perfect opportunity to introduce your palate to a wide variety of Lithuanian breads, meats, dairy products, honey, herbs and sweets, and of course, Lithuanian homemade beer. Come discover new flavours!<\/li>\n<\/ol>\n<p style=\"text-align: center;\"><a href=\"http:\/\/ibw.viko.lt\/wp-content\/uploads\/2024\/10\/02.jpg\"><img decoding=\"async\" loading=\"lazy\" class=\"size-full wp-image-1416 aligncenter\" src=\"http:\/\/ibw.viko.lt\/wp-content\/uploads\/2024\/10\/02.jpg\" alt=\"\" width=\"556\" height=\"371\" srcset=\"http:\/\/ibw.viko.lt\/wp-content\/uploads\/2024\/10\/02.jpg 556w, http:\/\/ibw.viko.lt\/wp-content\/uploads\/2024\/10\/02-300x200.jpg 300w\" sizes=\"(max-width: 556px) 100vw, 556px\" \/><\/a>Pretzels (Riestainiai)<\/p>\n<p style=\"text-align: center;\"><a href=\"http:\/\/ibw.viko.lt\/wp-content\/uploads\/2024\/10\/03.jpg\"><img decoding=\"async\" loading=\"lazy\" class=\"size-full wp-image-1417 aligncenter\" src=\"http:\/\/ibw.viko.lt\/wp-content\/uploads\/2024\/10\/03.jpg\" alt=\"\" width=\"551\" height=\"367\" srcset=\"http:\/\/ibw.viko.lt\/wp-content\/uploads\/2024\/10\/03.jpg 551w, http:\/\/ibw.viko.lt\/wp-content\/uploads\/2024\/10\/03-300x200.jpg 300w\" sizes=\"(max-width: 551px) 100vw, 551px\" \/><\/a>Easter Palms (Verbos)<\/p>\n<p>More about the Kaziuko Mug\u0117 (St Casimir&#8217;s fair) here:<br \/>\n<a href=\"http:\/\/www.kaziukomuge.lt\">www.kaziukomuge.lt<\/a><\/p>\n","protected":false},"excerpt":{"rendered":"<p>Date: tbc. Address: Various venues Event Site: https:\/\/www.kaziukomuge.lt\/ Tickets: Free admission Categories: Festivals, Free Admission, For children, Open Air, Other The brightest harbinger of spring in Vilnius is Kaziukas Fair, which is a tradition that has been going on for more than 400 years. The wares crafted with love by artisans, delicious smells of food, &hellip; <a href=\"http:\/\/ibw.viko.lt\/?page_id=1412\" class=\"more-link\">Continue reading <span class=\"screen-reader-text\">About St. Casimir&#8217;s Fair<\/span><\/a><\/p>\n","protected":false},"author":1,"featured_media":0,"parent":0,"menu_order":11,"comment_status":"closed","ping_status":"closed","template":"","meta":[],"_links":{"self":[{"href":"http:\/\/ibw.viko.lt\/index.php?rest_route=\/wp\/v2\/pages\/1412"}],"collection":[{"href":"http:\/\/ibw.viko.lt\/index.php?rest_route=\/wp\/v2\/pages"}],"about":[{"href":"http:\/\/ibw.viko.lt\/index.php?rest_route=\/wp\/v2\/types\/page"}],"author":[{"embeddable":true,"href":"http:\/\/ibw.viko.lt\/index.php?rest_route=\/wp\/v2\/users\/1"}],"replies":[{"embeddable":true,"href":"http:\/\/ibw.viko.lt\/index.php?rest_route=%2Fwp%2Fv2%2Fcomments&post=1412"}],"version-history":[{"count":8,"href":"http:\/\/ibw.viko.lt\/index.php?rest_route=\/wp\/v2\/pages\/1412\/revisions"}],"predecessor-version":[{"id":1467,"href":"http:\/\/ibw.viko.lt\/index.php?rest_route=\/wp\/v2\/pages\/1412\/revisions\/1467"}],"wp:attachment":[{"href":"http:\/\/ibw.viko.lt\/index.php?rest_route=%2Fwp%2Fv2%2Fmedia&parent=1412"}],"curies":[{"name":"wp","href":"https:\/\/api.w.org\/{rel}","templated":true}]}}